{"id":1048,"date":"2013-06-14T13:18:15","date_gmt":"2013-06-14T11:18:15","guid":{"rendered":"http:\/\/wordpress.praeau-gut.at.w013de26.kasserver.com\/?page_id=1048"},"modified":"2021-06-15T13:43:17","modified_gmt":"2021-06-15T11:43:17","slug":"kontakt","status":"publish","type":"page","link":"https:\/\/www.praeau-gut.at\/en\/kontakt\/","title":{"rendered":"Contact"},"content":{"rendered":"<div class=\"wpb-content-wrapper\"><p>[vc_row][vc_column][vc_column_text]<\/p>\n<h1>Contact Details for the Pr\u00e4au-Gut Farm in Dorfgastein<\/h1>\n<p>[\/vc_column_text][vc_row_inner][vc_column_inner width=&#8221;2\/3&#8243;][vc_column_text] <a href=\"https:\/\/www.praeau-gut.at\/wp-content\/uploads\/kontakt.jpg\"><img decoding=\"async\" class=\"alignnone size-full wp-image-273\" src=\"https:\/\/www.praeau-gut.at\/wp-content\/uploads\/kontakt.jpg\" alt=\"kontakt\" width=\"1200\" height=\"642\" srcset=\"https:\/\/www.praeau-gut.at\/wp-content\/uploads\/kontakt.jpg 1200w, https:\/\/www.praeau-gut.at\/wp-content\/uploads\/kontakt-800x428.jpg 800w, https:\/\/www.praeau-gut.at\/wp-content\/uploads\/kontakt-1024x548.jpg 1024w, https:\/\/www.praeau-gut.at\/wp-content\/uploads\/kontakt-768x411.jpg 768w, https:\/\/www.praeau-gut.at\/wp-content\/uploads\/kontakt-735x393.jpg 735w, https:\/\/www.praeau-gut.at\/wp-content\/uploads\/kontakt-250x134.jpg 250w, https:\/\/www.praeau-gut.at\/wp-content\/uploads\/kontakt-600x321.jpg 600w, https:\/\/www.praeau-gut.at\/wp-content\/uploads\/kontakt-300x160.jpg 300w\" sizes=\"(max-width: 1200px) 100vw, 1200px\" \/><\/a> [\/vc_column_text][\/vc_column_inner][vc_column_inner width=&#8221;1\/3&#8243;][vc_column_text el_class=&#8221;abstandl20&#8243;]<\/p>\n<h5>Apartment &amp; room<br \/>\nat\u00a0Pr\u00e4au-Gut Farm<br \/>\nPr\u00e4au High Alpine Hut<\/h5>\n<p>&nbsp;<\/p>\n<p>Monika &amp; Josef Rieser<\/p>\n<p>Pr\u00e4auweg 2<\/p>\n<p>A-5632 Dorfgastein<\/p>\n<p>&nbsp;<\/p>\n<p>Monika: +43 699 100 276 36 (Alm)<\/p>\n<p>Josef: +43 664 152 65 52<\/p>\n<p>Pr\u00e4au-Gut: +43 6433 200 59<\/p>\n<p><a href=\"mailto:info@praeau-gut.at\">info@praeau-gut.at<\/a><\/p>\n<p><a href=\"mailto:rieser-monika@aon.at\">rieser-monika@aon.at<\/a>[\/vc_column_text][\/vc_column_inner][\/vc_row_inner][vc_column_text]<\/p>\n<h3><\/h3>\n<h3>Journey by car<\/h3>\n<p>The red symbol denotes the location of our apartment and our room in Dorfgastein. Using the arrows in the upper left-hand corner you can move around the map and zoom in. Enter your address beneath the map to calculate your journey. Please note that a valid motorway toll sticker is required for travel on Austrian motorways. GPS co-ordinates for your sat-nav (UTM): Lat: 47.2288144, Long: 13.1032938.[\/vc_column_text][vc_column_text]  <a class=\"btn btn-block\" href=\"#\">start route planner<\/a> [\/vc_column_text][vc_column_text]<\/p>\n<h3><\/h3>\n<h3>Journey by rail or plane<\/h3>\n<p>[\/vc_column_text][vc_row_inner][vc_column_inner width=&#8221;1\/4&#8243;][vc_column_text] <img decoding=\"async\" class=\"alignnone size-medium wp-image-284\" src=\"https:\/\/www.praeau-gut.at\/wp-content\/uploads\/anreise-zug-300x199.jpg\" alt=\"anreise-zug\" width=\"300\" height=\"199\" srcset=\"https:\/\/www.praeau-gut.at\/wp-content\/uploads\/anreise-zug-300x199.jpg 300w, https:\/\/www.praeau-gut.at\/wp-content\/uploads\/anreise-zug-800x532.jpg 800w, https:\/\/www.praeau-gut.at\/wp-content\/uploads\/anreise-zug-768x511.jpg 768w, https:\/\/www.praeau-gut.at\/wp-content\/uploads\/anreise-zug-735x489.jpg 735w, https:\/\/www.praeau-gut.at\/wp-content\/uploads\/anreise-zug-250x166.jpg 250w, https:\/\/www.praeau-gut.at\/wp-content\/uploads\/anreise-zug-600x400.jpg 600w, https:\/\/www.praeau-gut.at\/wp-content\/uploads\/anreise-zug.jpg 1000w\" sizes=\"(max-width: 300px) 100vw, 300px\" \/> [\/vc_column_text][\/vc_column_inner][vc_column_inner width=&#8221;1\/4&#8243;][vc_column_text]<\/p>\n<ul>\n<li>Next railway station: Dorfgastein<\/li>\n<li>Timetables available from:<\/li>\n<li><a href=\"http:\/\/www.oebb.at\/\" target=\"_blank\" rel=\"noopener\">www.oebb.at<\/a><\/li>\n<li><a href=\"http:\/\/www.bahn.de\/\" target=\"_blank\" rel=\"noopener\">www.bahn.de<\/a><\/li>\n<\/ul>\n<p>[\/vc_column_text][\/vc_column_inner][vc_column_inner width=&#8221;1\/4&#8243;][vc_column_text] <img decoding=\"async\" class=\"alignnone size-medium wp-image-283\" src=\"https:\/\/www.praeau-gut.at\/wp-content\/uploads\/anreise-flugzeug-300x200.jpg\" alt=\"anreise-flugzeug\" width=\"300\" height=\"200\" srcset=\"https:\/\/www.praeau-gut.at\/wp-content\/uploads\/anreise-flugzeug-300x200.jpg 300w, https:\/\/www.praeau-gut.at\/wp-content\/uploads\/anreise-flugzeug-800x534.jpg 800w, https:\/\/www.praeau-gut.at\/wp-content\/uploads\/anreise-flugzeug-768x512.jpg 768w, https:\/\/www.praeau-gut.at\/wp-content\/uploads\/anreise-flugzeug-735x490.jpg 735w, https:\/\/www.praeau-gut.at\/wp-content\/uploads\/anreise-flugzeug-250x167.jpg 250w, https:\/\/www.praeau-gut.at\/wp-content\/uploads\/anreise-flugzeug-600x400.jpg 600w, https:\/\/www.praeau-gut.at\/wp-content\/uploads\/anreise-flugzeug.jpg 1000w\" sizes=\"(max-width: 300px) 100vw, 300px\" \/> [\/vc_column_text][\/vc_column_inner][vc_column_inner width=&#8221;1\/4&#8243;][vc_column_text]<\/p>\n<ul>\n<li>Salzburg-Airport &#8220;W.A. Mozart&#8221; is approx. 80 km away.<\/li>\n<li><a href=\"http:\/\/www.salzburg-airport.com\/\" target=\"_blank\" rel=\"noopener\">Salzburg Airport<\/a><\/li>\n<li><a href=\"http:\/\/www.munich-airport.de\/\" target=\"_blank\" rel=\"noopener\">Munich Airport<\/a><\/li>\n<li>TUIFLY &#8211; cheap flights, <a href=\"http:\/\/www.ryanair.com\/\" target=\"_blank\" rel=\"noopener\">RYANAIR<\/a><\/li>\n<\/ul>\n<p>[\/vc_column_text][\/vc_column_inner][\/vc_row_inner][\/vc_column][\/vc_row]<\/p>\n<\/div>","protected":false},"excerpt":{"rendered":"<p>[vc_row][vc_column][vc_column_text] Contact Details for the Pr\u00e4au-Gut Farm in Dorfgastein [\/vc_column_text][vc_row_inner][vc_column_inner width=&#8221;2\/3&#8243;][vc_column_text] [\/vc_column_text][\/vc_column_inner][vc_column_inner width=&#8221;1\/3&#8243;][vc_column_text el_class=&#8221;abstandl20&#8243;] Apartment &amp; room at\u00a0Pr\u00e4au-Gut Farm Pr\u00e4au High Alpine Hut &nbsp; Monika &amp; Josef Rieser Pr\u00e4auweg 2 A-5632 Dorfgastein &nbsp; Monika: +43 699 100 276 36 (Alm)<span class=\"ellipsis\">&hellip;<\/span> <a href=\"https:\/\/www.praeau-gut.at\/en\/kontakt\/\"><\/p>\n<div class=\"read-more\">Read more &#8250;<\/div>\n<p><\/a><\/p>\n","protected":false},"author":5,"featured_media":0,"parent":0,"menu_order":2,"comment_status":"closed","ping_status":"closed","template":"","meta":{"_acf_changed":false,"footnotes":""},"class_list":["post-1048","page","type-page","status-publish","hentry"],"acf":[],"_links":{"self":[{"href":"https:\/\/www.praeau-gut.at\/en\/wp-json\/wp\/v2\/pages\/1048","targetHints":{"allow":["GET"]}}],"collection":[{"href":"https:\/\/www.praeau-gut.at\/en\/wp-json\/wp\/v2\/pages"}],"about":[{"href":"https:\/\/www.praeau-gut.at\/en\/wp-json\/wp\/v2\/types\/page"}],"author":[{"embeddable":true,"href":"https:\/\/www.praeau-gut.at\/en\/wp-json\/wp\/v2\/users\/5"}],"replies":[{"embeddable":true,"href":"https:\/\/www.praeau-gut.at\/en\/wp-json\/wp\/v2\/comments?post=1048"}],"version-history":[{"count":0,"href":"https:\/\/www.praeau-gut.at\/en\/wp-json\/wp\/v2\/pages\/1048\/revisions"}],"wp:attachment":[{"href":"https:\/\/www.praeau-gut.at\/en\/wp-json\/wp\/v2\/media?parent=1048"}],"curies":[{"name":"wp","href":"https:\/\/api.w.org\/{rel}","templated":true}]}}